{"id":984,"date":"2017-07-06T11:17:39","date_gmt":"2017-07-06T11:17:39","guid":{"rendered":"http:\/\/kinimara.com\/?page_id=984"},"modified":"2019-02-07T20:37:39","modified_gmt":"2019-02-07T19:37:39","slug":"politica_de_cookies","status":"publish","type":"page","link":"https:\/\/globtipper-siemens.com\/es\/politica_de_cookies\/","title":{"rendered":"Pol\u00edtica de cookies"},"content":{"rendered":"<p>[et_pb_section bb_built=\u00bb1&#8243; admin_label=\u00bbsection\u00bb transparent_background=\u00bboff\u00bb allow_player_pause=\u00bboff\u00bb inner_shadow=\u00bboff\u00bb parallax=\u00bboff\u00bb parallax_method=\u00bboff\u00bb padding_mobile=\u00bboff\u00bb make_fullwidth=\u00bboff\u00bb use_custom_width=\u00bboff\u00bb width_unit=\u00bbon\u00bb make_equal=\u00bboff\u00bb use_custom_gutter=\u00bboff\u00bb background_color=\u00bb#ffffff\u00bb custom_padding_tablet=\u00bb50px|0|50px|0&#8243; custom_padding_last_edited=\u00bbon|desktop\u00bb][et_pb_row admin_label=\u00bbFila\u00bb background_position=\u00bbtop_left\u00bb background_repeat=\u00bbrepeat\u00bb background_size=\u00bbinitial\u00bb][et_pb_column type=\u00bb4_4&#8243;][et_pb_text admin_label=\u00bbTexto\u00bb use_border_color=\u00bboff\u00bb module_id=\u00bbtextocurri\u00bb background_position=\u00bbtop_left\u00bb background_repeat=\u00bbrepeat\u00bb background_size=\u00bbinitial\u00bb _builder_version=\u00bb3.18.7&#8243;]<\/p>\n<h2>Pol\u00edtica de cookies<\/h2>\n<p>En cumplimiento del art\u00edculo 22.2 de la Ley 34\/2002, de Servicios de la Sociedad de la Informaci\u00f3n, informamos a los usuarios de nuestro sitio web de nuestra Pol\u00edtica de uso de Cookies.<\/p>\n<p><strong>\u00bfQu\u00e9 es una Cookie?<\/strong><br \/>\nLas cookies son archivos que contienen peque\u00f1as cantidades de informaci\u00f3n que se descargan en el dispositivo del usuario que se utiliza cuando visitas nuestro sitio web. Su finalidad principal es reconocer al usuario (mediante identificadores que no permiten identificarlo con persona f\u00edsica alguna) cada vez que accede al sitio web y nos permite, adem\u00e1s, mejorar la calidad y la usabilidad de nuestros sitios web. Las cookies son esenciales para el funcionamiento de Internet; no pueden da\u00f1ar el equipo\/dispositivo del usuario y, si se encuentran activadas en la configuraci\u00f3n de tu navegador, nos ayudan a identificar y resolver posibles errores de funcionamiento de nuestro sitio web.<\/p>\n<p><strong>Tipos de Cookies<\/strong><br \/>\nHay diferentes tipos de cookies. Todos ellos trabajan de la misma manera, pero tienen peque\u00f1as diferencias:<br \/>\n\u2022 Cookies de Sesi\u00f3n. Las cookies de sesi\u00f3n duran solamente por la duraci\u00f3n de la visita y se borran cuando el usuario cierra el navegador. Su finalidad principal es identificar el tipo de dispositivo, apoyar la seguridad sitio web o su funcionalidad b\u00e1sica. No contienen informaci\u00f3n personal que permita identificar a una persona.<br \/>\n\u2022 Cookies Persistentes o Permanentes: Se almacenan en el disco duro del dispositivo y el sitio web las lee cada vez que el usuario realiza una nueva visita al sitio web; poseen una fecha de caducidad o expiraci\u00f3n determinada, cumplida la cual la cookie deja de funcionar. Permiten identificar las acciones y preferencias del usuario; analizar las visitas y ayudan a comprender c\u00f3mo llegan los usuarios al sitio web y mejorar los servicios ofrecidos por el mismo.<br \/>\n\u2022 Cookies de Funcionalidad: Permiten recordar decisiones adoptadas por el usuario, como su login o identificador. La informaci\u00f3n de estas cookies es an\u00f3nima (es decir, no contiene nombre, direcci\u00f3n, u otros datos personales).<br \/>\n\u2022 Cookies de Terceros. Las cookies de terceros son las cookies que instala un sitio web que no es el que el usuario est\u00e1 visitando; por ejemplo, las usadas por redes sociales (como Facebook) o por complementos externos de contenido (como Google Maps).<br \/>\n\u2022 Cookies Anal\u00edticas: Son cookies que tienen por finalidad el mantenimiento peri\u00f3dico y garantizar el mejor funcionamiento y servicio al usuario; recopilando datos de su actividad.<\/p>\n<p><strong>Uso de Cookies por parte de GLOBTIPPER-SIEMENS<\/strong><br \/>\nMediante el acceso a nuestro sitio web, el usuario acepta de manera expresa que podamos usar este tipo de cookies en sus dispositivos. No obstante, si desactiva las cookies, no afectar\u00e1 a la navegaci\u00f3n en nuestros sitios web.<\/p>\n<p><strong>Nombre Propia \/ de terceros Duraci\u00f3n Finalidad<\/strong><br \/>\n<strong> _ga<\/strong> De terceros (Google Analytics) 2 a\u00f1os Se usa para distinguir a los usuarios<br \/>\n<strong> _gid<\/strong> De terceros (Google Analytics) 24 horas Se usa para distinguir a los usuarios<br \/>\n<strong> _gat<\/strong> De terceros (Google Analytics) 10 minutos Se usa para limitar el porcentaje de solicitudes<\/p>\n<p><strong>Configuraci\u00f3n del usuario para evitar Cookies<\/strong><br \/>\nAl navegar y continuar en nuestro sitio web estar\u00e1 consintiendo el uso de las cookies en las condiciones contenidas en la presente \u201cPol\u00edtica de cookies\u201d. <strong>GLOBTIPPER-SIEMENS<\/strong>, proporciona acceso a esta \u201cPol\u00edtica de cookies\u201d en el momento del acceso por primera vez, con el objetivo de que el usuario est\u00e9 informado, y sin perjuicio de que \u00e9ste pueda ejercer su derecho a bloquear, eliminar y rechazar el uso de cookies en todo momento.<br \/>\nEn cualquier caso, informamos de que, dado que las cookies no son necesarias para el uso de nuestro sitio web, puede bloquearlas o deshabilitarlas activando la configuraci\u00f3n de su navegador, que permite rechazar la instalaci\u00f3n de todas las cookies o de algunas de ellas. La mayor\u00eda de los navegadores permiten advertir de la presencia de cookies o rechazarlas autom\u00e1ticamente. Si las rechaza podr\u00e1 seguir usando nuestro Sitio Web, aunque el uso de algunos de sus servicios podr\u00e1 ser limitado y por tanto su experiencia en nuestro sitio web menos satisfactoria.<br \/>\nLa siguiente informaci\u00f3n facilita al usuario la forma de configurar su navegador o navegadores de Internet para mantener su privacidad y seguridad en relaci\u00f3n a las cookies. Para ello, facilitamos la informaci\u00f3n y enlaces a los sitos de soporte oficiales de los principales navegadores. Con dichas ayudas, el usuario puede bloquear las cookies a trav\u00e9s de las herramientas de configuraci\u00f3n del navegador o bien configurarlo para que le avise cuando un servidor quiera guardar una cookie.<\/p>\n<p>Internet Explorer&#x2122;:<br \/>\n\u2022 Versi\u00f3n 5<br \/>\n<a href=\"http:\/\/support.microsoft.com\/kb\/196955\/es\">http:\/\/support.microsoft.com\/kb\/196955\/es<\/a><br \/>\n\u2022 Versi\u00f3n 6<br \/>\n<a href=\"http:\/\/support.microsoft.com\/kb\/283185\/es\">http:\/\/support.microsoft.com\/kb\/283185\/es<\/a><br \/>\n\u2022 Versi\u00f3n 7 y 8<br \/>\n<a href=\"http:\/\/windows.microsoft.com\/es-ES\/windows-vista\/Block-or-allow-cookies\">http:\/\/windows.microsoft.com\/es-ES\/windows-vista\/Block-or-allow-cookies<\/a><br \/>\n\u2022 Versi\u00f3n 9<br \/>\n<a href=\"http:\/\/windows.microsoft.com\/es-ES\/windows7\/How-to-manage-cookies-in-Internet-Explorer-9\">http:\/\/windows.microsoft.com\/es-ES\/windows7\/How-to-manage-cookies-in-Internet-Explorer-9<\/a><br \/>\n\u2022 Versi\u00f3n 10 y 11<br \/>\n<a href=\"https:\/\/support.microsoft.com\/es-es\/help\/17442\/windows-internet-explorer-delete-manage-cookies\">https:\/\/support.microsoft.com\/es-es\/help\/17442\/windows-internet-explorer-delete-manage-cookies<\/a><\/p>\n<p>Safari&#x2122;:<br \/>\n<a href=\"https:\/\/support.apple.com\/kb\/ph21411?locale=es_ES\">https:\/\/support.apple.com\/kb\/ph21411?locale=es_ES<\/a><br \/>\nSafari para Iphone; Ipad o IpadTouch:<br \/>\n<a href=\"https:\/\/support.apple.com\/es-es\/HT201265\">https:\/\/support.apple.com\/es-es\/HT201265<\/a><\/p>\n<p>Chrome&#x2122;<br \/>\n<a href=\"https:\/\/support.google.com\/chrome\/answer\/95647?co=GENIE.Platform%3DDesktop&amp;hl=es\">https:\/\/support.google.com\/chrome\/answer\/95647?co=GENIE.Platform%3DDesktop&amp;hl=es<\/a><\/p>\n<p>Firefox&#x2122;:<br \/>\n<a href=\"https:\/\/support.mozilla.org\/t5\/Cookies-y-cach%C3%A9\/Habilitar-y-deshabilitar-cookies-que-los-sitios-web-utilizan\/ta-p\/13811\">https:\/\/support.mozilla.org\/t5\/Cookies-y-cach%C3%A9\/Habilitar-y-deshabilitar-cookies-que-los-sitios-web-utilizan\/ta-p\/13811<\/a><\/p>\n<p>Opera&#x2122;:<br \/>\n<a href=\"http:\/\/help.opera.com\/Windows\/11.50\/es-ES\/cookies.html\">http:\/\/help.opera.com\/Windows\/11.50\/es-ES\/cookies.html<\/a><\/p>\n<p>Android<br \/>\n<a href=\"https:\/\/support.google.com\/chrome\/answer\/95647?co=GENIE.Platform%3DAndroid&amp;hl=es-419\">https:\/\/support.google.com\/chrome\/answer\/95647?co=GENIE.Platform%3DAndroid&amp;hl=es-419<\/a><\/p>\n<p>Windows Phone<br \/>\n<a href=\"https:\/\/support.microsoft.com\/es-es\/help\/17442\/windows-internet-explorer-delete-manage-cookies\">https:\/\/support.microsoft.com\/es-es\/help\/17442\/windows-internet-explorer-delete-manage-cookies<\/a><\/p>\n<p>Blackberry<br \/>\n<a href=\"https:\/\/help.blackberry.com\/es\/blackberry-z10\/10.3.2\/help\/mwa1334238823957.html\">https:\/\/help.blackberry.com\/es\/blackberry-z10\/10.3.2\/help\/mwa1334238823957.html<\/a><\/p>\n<p>[\/et_pb_text][\/et_pb_column][\/et_pb_row][et_pb_row admin_label=\u00bbFila\u00bb make_fullwidth=\u00bboff\u00bb use_custom_width=\u00bboff\u00bb width_unit=\u00bbon\u00bb use_custom_gutter=\u00bboff\u00bb padding_mobile=\u00bboff\u00bb allow_player_pause=\u00bboff\u00bb parallax=\u00bboff\u00bb parallax_method=\u00bboff\u00bb make_equal=\u00bboff\u00bb parallax_1=\u00bboff\u00bb parallax_method_1=\u00bboff\u00bb column_padding_mobile=\u00bbon\u00bb module_id=\u00bbfilatextoacceso\u00bb background_position=\u00bbtop_left\u00bb background_repeat=\u00bbrepeat\u00bb background_size=\u00bbinitial\u00bb][et_pb_column type=\u00bb4_4&#8243;][et_pb_text admin_label=\u00bbTexto\u00bb use_border_color=\u00bboff\u00bb custom_margin=\u00bb||20px|\u00bb background_position=\u00bbtop_left\u00bb background_repeat=\u00bbrepeat\u00bb background_size=\u00bbinitial\u00bb _builder_version=\u00bb3.18.7&#8243;]<\/p>\n<p><img loading=\"lazy\" class=\"size-full wp-image-1130\" src=\"https:\/\/globtipper-siemens.com\/wp-content\/uploads\/Logo-Menu.png\" alt=\"Globtipper-Siemens - Especialistas en Iot y M2M\" width=\"309\" height=\"100\"><\/p>\n<p>[\/et_pb_text][\/et_pb_column][\/et_pb_row][\/et_pb_section]<\/p>\n","protected":false},"excerpt":{"rendered":"<p>[et_pb_section bb_built=\u00bb1&#8243; admin_label=\u00bbsection\u00bb transparent_background=\u00bboff\u00bb allow_player_pause=\u00bboff\u00bb inner_shadow=\u00bboff\u00bb parallax=\u00bboff\u00bb parallax_method=\u00bboff\u00bb padding_mobile=\u00bboff\u00bb make_fullwidth=\u00bboff\u00bb use_custom_width=\u00bboff\u00bb width_unit=\u00bbon\u00bb make_equal=\u00bboff\u00bb use_custom_gutter=\u00bboff\u00bb background_color=\u00bb#ffffff\u00bb custom_padding_tablet=\u00bb50px|0|50px|0&#8243; custom_padding_last_edited=\u00bbon|desktop\u00bb][et_pb_row admin_label=\u00bbFila\u00bb background_position=\u00bbtop_left\u00bb background_repeat=\u00bbrepeat\u00bb background_size=\u00bbinitial\u00bb][et_pb_column type=\u00bb4_4&#8243;][et_pb_text admin_label=\u00bbTexto\u00bb use_border_color=\u00bboff\u00bb module_id=\u00bbtextocurri\u00bb background_position=\u00bbtop_left\u00bb background_repeat=\u00bbrepeat\u00bb background_size=\u00bbinitial\u00bb _builder_version=\u00bb3.18.7&#8243;] Pol\u00edtica de cookies En cumplimiento del art\u00edculo 22.2 de la Ley 34\/2002, de Servicios de la Sociedad de la Informaci\u00f3n, informamos a los usuarios de nuestro [&hellip;]<\/p>\n","protected":false},"author":9,"featured_media":0,"parent":0,"menu_order":0,"comment_status":"closed","ping_status":"closed","template":"","meta":{"_et_pb_use_builder":"on","_et_pb_old_content":""},"_links":{"self":[{"href":"https:\/\/globtipper-siemens.com\/es\/wp-json\/wp\/v2\/pages\/984"}],"collection":[{"href":"https:\/\/globtipper-siemens.com\/es\/wp-json\/wp\/v2\/pages"}],"about":[{"href":"https:\/\/globtipper-siemens.com\/es\/wp-json\/wp\/v2\/types\/page"}],"author":[{"embeddable":true,"href":"https:\/\/globtipper-siemens.com\/es\/wp-json\/wp\/v2\/users\/9"}],"replies":[{"embeddable":true,"href":"https:\/\/globtipper-siemens.com\/es\/wp-json\/wp\/v2\/comments?post=984"}],"version-history":[{"count":1,"href":"https:\/\/globtipper-siemens.com\/es\/wp-json\/wp\/v2\/pages\/984\/revisions"}],"predecessor-version":[{"id":1427,"href":"https:\/\/globtipper-siemens.com\/es\/wp-json\/wp\/v2\/pages\/984\/revisions\/1427"}],"wp:attachment":[{"href":"https:\/\/globtipper-siemens.com\/es\/wp-json\/wp\/v2\/media?parent=984"}],"curies":[{"name":"wp","href":"https:\/\/api.w.org\/{rel}","templated":true}]}}