{"id":68,"date":"2016-02-02T12:54:38","date_gmt":"2016-02-02T12:54:38","guid":{"rendered":"http:\/\/kinimara.com\/?page_id=68"},"modified":"2019-02-07T20:33:49","modified_gmt":"2019-02-07T19:33:49","slug":"nosotros","status":"publish","type":"page","link":"https:\/\/globtipper-siemens.com\/es\/nosotros\/","title":{"rendered":"Nosotros"},"content":{"rendered":"<p>[et_pb_section bb_built=\u00bb1&#8243; admin_label=\u00bbsection\u00bb transparent_background=\u00bboff\u00bb allow_player_pause=\u00bboff\u00bb inner_shadow=\u00bboff\u00bb parallax=\u00bboff\u00bb parallax_method=\u00bboff\u00bb padding_mobile=\u00bboff\u00bb make_fullwidth=\u00bboff\u00bb use_custom_width=\u00bboff\u00bb width_unit=\u00bbon\u00bb make_equal=\u00bboff\u00bb use_custom_gutter=\u00bboff\u00bb background_color=\u00bb#ffffff\u00bb custom_padding_tablet=\u00bb50px|0|50px|0&#8243; custom_padding_last_edited=\u00bbon|desktop\u00bb next_background_color=\u00bb#FFFFFF\u00bb _builder_version=\u00bb3.18.7&#8243;][et_pb_row admin_label=\u00bbrow\u00bb make_fullwidth=\u00bbon\u00bb padding_mobile=\u00bboff\u00bb parallax_method=\u00bboff\u00bb column_padding_mobile=\u00bbon\u00bb module_id=\u00bbfondonosotros\u00bb parallax_method_1=\u00bboff\u00bb background_image=\u00bbhttps:\/\/globtipper-siemens.com\/wp-content\/uploads\/2016\/02\/nosotros-IoT-m2m.jpg\u00bb background_position=\u00bbtop_left\u00bb background_repeat=\u00bbrepeat\u00bb background_size=\u00bbinitial\u00bb _builder_version=\u00bb3.18.7&#8243;][et_pb_column type=\u00bb4_4&#8243;][et_pb_text use_border_color=\u00bboff\u00bb module_id=\u00bbsomos\u00bb background_position=\u00bbtop_left\u00bb background_repeat=\u00bbrepeat\u00bb background_size=\u00bbinitial\u00bb _builder_version=\u00bb3.18.7&#8243;]<\/p>\n<h1>El equipo de GLOBTIPPER-SIEMENS pone a su disposici\u00f3n m\u00e1s de treinta a\u00f1os de experiencia en el desarrollo de sistemas m2m en el entorno de empresas multinacionales. Los l\u00edderes de nuestros equipos de hardware y software llevan m\u00e1s de veinte a\u00f1os trabajando juntos.<\/h1>\n<p>De esta larga colaboraci\u00f3n nace nuestro modo de trabajo: la sencillez como objetivo principal, tanto en las soluciones tecnol\u00f3gicas como en la experiencia del usuario.<\/p>\n<p>[\/et_pb_text][\/et_pb_column][\/et_pb_row][\/et_pb_section][et_pb_section bb_built=\u00bb1&#8243; fullwidth=\u00bboff\u00bb specialty=\u00bboff\u00bb prev_background_color=\u00bb#ffffff\u00bb next_background_color=\u00bb#000000&#8243;][et_pb_row make_fullwidth=\u00bbon\u00bb use_custom_width=\u00bboff\u00bb width_unit=\u00bbon\u00bb use_custom_gutter=\u00bboff\u00bb padding_mobile=\u00bboff\u00bb allow_player_pause=\u00bboff\u00bb parallax=\u00bboff\u00bb parallax_method=\u00bboff\u00bb make_equal=\u00bboff\u00bb parallax_1=\u00bboff\u00bb parallax_method_1=\u00bboff\u00bb column_padding_mobile=\u00bbon\u00bb module_id=\u00bbnosotrostextoinf\u00bb background_position=\u00bbtop_left\u00bb background_repeat=\u00bbrepeat\u00bb background_size=\u00bbinitial\u00bb][et_pb_column type=\u00bb4_4&#8243;][et_pb_text background_layout=\u00bblight\u00bb text_orientation=\u00bbleft\u00bb use_border_color=\u00bboff\u00bb border_color=\u00bb#ffffff\u00bb border_style=\u00bbsolid\u00bb background_position=\u00bbtop_left\u00bb background_repeat=\u00bbrepeat\u00bb background_size=\u00bbinitial\u00bb]<\/p>\n<h2>Nuevas oportunidades requieren nuevas soluciones<\/h2>\n<p>KINIMARA se ha creado para construir dispositivos, terminales y aplicaciones capaces de aprovechar todas las posibilidades latentes en las \u00faltimas innovaciones en sensores, redes de comunicaciones, plataformas, APPs y Big Data. Nuestras soluciones tecnol\u00f3gicas permiten a nuestros clientes manejar grandes cantidades de datos y desplegarlos en la forma m\u00e1s f\u00e1cil para operar, con el fin \u00faltimo de rentabilidad y monetizaci\u00f3n de los datos<\/p>\n<p>[\/et_pb_text][\/et_pb_column][\/et_pb_row][\/et_pb_section][et_pb_section bb_built=\u00bb1&#8243; fullwidth=\u00bboff\u00bb specialty=\u00bboff\u00bb prev_background_color=\u00bb#000000&#8243;][et_pb_row make_fullwidth=\u00bbon\u00bb use_custom_width=\u00bboff\u00bb width_unit=\u00bbon\u00bb use_custom_gutter=\u00bboff\u00bb padding_mobile=\u00bboff\u00bb allow_player_pause=\u00bboff\u00bb parallax=\u00bboff\u00bb parallax_method=\u00bboff\u00bb make_equal=\u00bboff\u00bb parallax_1=\u00bboff\u00bb parallax_method_1=\u00bboff\u00bb column_padding_mobile=\u00bbon\u00bb module_id=\u00bbfilatextoacceso\u00bb background_position=\u00bbtop_left\u00bb background_repeat=\u00bbrepeat\u00bb background_size=\u00bbinitial\u00bb][et_pb_column type=\u00bb4_4&#8243;][et_pb_text use_border_color=\u00bboff\u00bb custom_padding=\u00bb||20px|\u00bb background_position=\u00bbtop_left\u00bb background_repeat=\u00bbrepeat\u00bb background_size=\u00bbinitial\u00bb _builder_version=\u00bb3.18.7&#8243;]<\/p>\n<p><img loading=\"lazy\" class=\"size-full wp-image-1130\" src=\"https:\/\/globtipper-siemens.com\/wp-content\/uploads\/Logo-Menu.png\" alt=\"Kinimara - Especialistas en Iot y M2M\" width=\"309\" height=\"100\"><\/p>\n<p>[\/et_pb_text][\/et_pb_column][\/et_pb_row][\/et_pb_section]<\/p>\n","protected":false},"excerpt":{"rendered":"<p>[et_pb_section bb_built=\u00bb1&#8243; admin_label=\u00bbsection\u00bb transparent_background=\u00bboff\u00bb allow_player_pause=\u00bboff\u00bb inner_shadow=\u00bboff\u00bb parallax=\u00bboff\u00bb parallax_method=\u00bboff\u00bb padding_mobile=\u00bboff\u00bb make_fullwidth=\u00bboff\u00bb use_custom_width=\u00bboff\u00bb width_unit=\u00bbon\u00bb make_equal=\u00bboff\u00bb use_custom_gutter=\u00bboff\u00bb background_color=\u00bb#ffffff\u00bb custom_padding_tablet=\u00bb50px|0|50px|0&#8243; custom_padding_last_edited=\u00bbon|desktop\u00bb next_background_color=\u00bb#FFFFFF\u00bb _builder_version=\u00bb3.18.7&#8243;][et_pb_row admin_label=\u00bbrow\u00bb make_fullwidth=\u00bbon\u00bb padding_mobile=\u00bboff\u00bb parallax_method=\u00bboff\u00bb column_padding_mobile=\u00bbon\u00bb module_id=\u00bbfondonosotros\u00bb parallax_method_1=\u00bboff\u00bb background_image=\u00bbhttps:\/\/globtipper-siemens.com\/wp-content\/uploads\/2016\/02\/nosotros-IoT-m2m.jpg\u00bb background_position=\u00bbtop_left\u00bb background_repeat=\u00bbrepeat\u00bb background_size=\u00bbinitial\u00bb _builder_version=\u00bb3.18.7&#8243;][et_pb_column type=\u00bb4_4&#8243;][et_pb_text use_border_color=\u00bboff\u00bb module_id=\u00bbsomos\u00bb background_position=\u00bbtop_left\u00bb background_repeat=\u00bbrepeat\u00bb background_size=\u00bbinitial\u00bb _builder_version=\u00bb3.18.7&#8243;] El equipo de GLOBTIPPER-SIEMENS pone a su disposici\u00f3n m\u00e1s de treinta a\u00f1os de experiencia en el desarrollo [&hellip;]<\/p>\n","protected":false},"author":9,"featured_media":0,"parent":0,"menu_order":0,"comment_status":"closed","ping_status":"closed","template":"","meta":{"_et_pb_use_builder":"on","_et_pb_old_content":""},"_links":{"self":[{"href":"https:\/\/globtipper-siemens.com\/es\/wp-json\/wp\/v2\/pages\/68"}],"collection":[{"href":"https:\/\/globtipper-siemens.com\/es\/wp-json\/wp\/v2\/pages"}],"about":[{"href":"https:\/\/globtipper-siemens.com\/es\/wp-json\/wp\/v2\/types\/page"}],"author":[{"embeddable":true,"href":"https:\/\/globtipper-siemens.com\/es\/wp-json\/wp\/v2\/users\/9"}],"replies":[{"embeddable":true,"href":"https:\/\/globtipper-siemens.com\/es\/wp-json\/wp\/v2\/comments?post=68"}],"version-history":[{"count":1,"href":"https:\/\/globtipper-siemens.com\/es\/wp-json\/wp\/v2\/pages\/68\/revisions"}],"predecessor-version":[{"id":1418,"href":"https:\/\/globtipper-siemens.com\/es\/wp-json\/wp\/v2\/pages\/68\/revisions\/1418"}],"wp:attachment":[{"href":"https:\/\/globtipper-siemens.com\/es\/wp-json\/wp\/v2\/media?parent=68"}],"curies":[{"name":"wp","href":"https:\/\/api.w.org\/{rel}","templated":true}]}}