{"id":64,"date":"2016-02-02T12:53:56","date_gmt":"2016-02-02T12:53:56","guid":{"rendered":"http:\/\/kinimara.com\/?page_id=64"},"modified":"2019-02-07T20:30:56","modified_gmt":"2019-02-07T19:30:56","slug":"tecnologia","status":"publish","type":"page","link":"https:\/\/globtipper-siemens.com\/es\/tecnologia\/","title":{"rendered":"Tecnolog\u00eda"},"content":{"rendered":"<p>[et_pb_section bb_built=\u00bb1&#8243; admin_label=\u00bbsection\u00bb next_background_color=\u00bb#ffffff\u00bb][et_pb_row admin_label=\u00bbrow\u00bb make_fullwidth=\u00bboff\u00bb use_custom_width=\u00bboff\u00bb width_unit=\u00bbon\u00bb use_custom_gutter=\u00bboff\u00bb padding_mobile=\u00bboff\u00bb allow_player_pause=\u00bboff\u00bb parallax=\u00bboff\u00bb parallax_method=\u00bboff\u00bb make_equal=\u00bboff\u00bb parallax_1=\u00bboff\u00bb parallax_method_1=\u00bboff\u00bb column_padding_mobile=\u00bbon\u00bb module_class=\u00bbdegradadomema\u00bb background_position=\u00bbtop_left\u00bb background_repeat=\u00bbrepeat\u00bb background_size=\u00bbinitial\u00bb][et_pb_column type=\u00bb4_4&#8243;][et_pb_image src=\u00bbhttps:\/\/globtipper-siemens.com\/wp-content\/uploads\/tecnologia-iot-m2m.png\u00bb use_border_color=\u00bboff\u00bb alt=\u00bbImagen tecnolog\u00eda IoT y m2m de Globtipper-Siemens\u00bb title_text=\u00bbtecnolog\u00eda IoT y m2m de Globtipper-Siemens. GPRS,SIGFOX,dispositivos\u00bb animation_style=\u00bbslide\u00bb animation_duration=\u00bb500ms\u00bb animation_intensity_slide=\u00bb10%\u00bb animation_direction=\u00bbleft\u00bb _builder_version=\u00bb3.18.7&#8243; \/][\/et_pb_column][\/et_pb_row][\/et_pb_section][et_pb_section bb_built=\u00bb1&#8243; specialty=\u00bboff\u00bb background_image=\u00bbhttps:\/\/globtipper-siemens.com\/wp-content\/uploads\/2016\/02\/tecnologia-IoT-m2m-fondo.jpg\u00bb parallax_method=\u00bboff\u00bb background_color=\u00bb#ffffff\u00bb custom_padding_tablet=\u00bb50px|0|50px|0&#8243; custom_padding_last_edited=\u00bbon|desktop\u00bb _builder_version=\u00bb3.18.7&#8243; prev_background_color=\u00bb#FFFFFF\u00bb next_background_color=\u00bb#FFFFFF\u00bb][et_pb_row make_fullwidth=\u00bbon\u00bb use_custom_width=\u00bboff\u00bb width_unit=\u00bbon\u00bb use_custom_gutter=\u00bboff\u00bb padding_mobile=\u00bboff\u00bb allow_player_pause=\u00bboff\u00bb parallax=\u00bboff\u00bb parallax_method=\u00bboff\u00bb make_equal=\u00bboff\u00bb parallax_1=\u00bboff\u00bb parallax_method_1=\u00bboff\u00bb column_padding_mobile=\u00bbon\u00bb background_position=\u00bbtop_left\u00bb background_repeat=\u00bbrepeat\u00bb background_size=\u00bbinitial\u00bb][et_pb_column type=\u00bb4_4&#8243;][et_pb_code _builder_version=\u00bb3.18.7&#8243;]<\/p>\n<div class=\"textotecnologia1\"> <H1>Ingenieros de hardware, de software y de log\u00edstica trabajan codo a codo con expertos en dise\u00f1o y experiencia del usuario para que los resultados de estos sistemas de innovaci\u00f3n tecnol\u00f3gica sean arquitecturas extraordinariamente flexibles, escalables, intuitivas y, sobre todo, robustas y rentables. <\/h1>\n<\/div>\n<p><!-- [et_pb_line_break_holder] -->[\/et_pb_code][et_pb_code _builder_version=\u00bb3.18.7&#8243;]<\/p>\n<div class=\"textotecnologia2\">\n<p>Optimizaci\u00f3n de  recursos (subrayado).<!-- [et_pb_line_break_holder] --><\/p>\n<\/div>\n<p><!-- [et_pb_line_break_holder] -->[\/et_pb_code][\/et_pb_column][\/et_pb_row][\/et_pb_section][et_pb_section bb_built=\u00bb1&#8243; fullwidth=\u00bboff\u00bb specialty=\u00bboff\u00bb prev_background_color=\u00bb#ffffff\u00bb next_background_color=\u00bb#000000&#8243;][et_pb_row make_fullwidth=\u00bbon\u00bb use_custom_width=\u00bboff\u00bb width_unit=\u00bbon\u00bb use_custom_gutter=\u00bboff\u00bb padding_mobile=\u00bboff\u00bb allow_player_pause=\u00bboff\u00bb parallax=\u00bboff\u00bb parallax_method=\u00bboff\u00bb make_equal=\u00bboff\u00bb parallax_1=\u00bboff\u00bb parallax_method_1=\u00bboff\u00bb column_padding_mobile=\u00bbon\u00bb background_position=\u00bbtop_left\u00bb background_repeat=\u00bbrepeat\u00bb background_size=\u00bbinitial\u00bb][et_pb_column type=\u00bb4_4&#8243;][et_pb_text background_layout=\u00bblight\u00bb text_orientation=\u00bbleft\u00bb use_border_color=\u00bboff\u00bb border_color=\u00bb#ffffff\u00bb border_style=\u00bbsolid\u00bb module_class=\u00bbmidtecno\u00bb background_position=\u00bbtop_left\u00bb background_repeat=\u00bbrepeat\u00bb background_size=\u00bbinitial\u00bb]<\/p>\n<h2>Dise\u00f1amos, desarrollamos y fabricamos:<\/h2>\n<p>[\/et_pb_text][et_pb_image src=\u00bbhttps:\/\/globtipper-siemens.com\/wp-content\/uploads\/2016\/02\/dispositivos-gps-cloud-tecnologia.png\u00bb use_border_color=\u00bboff\u00bb alt=\u00bbDispositivos gps, gprs, cloud. Apps y big data Tecnolog\u00eda de Globtipper-Siemens\u00bb title_text=\u00bbDispositivos gps, gprs, cloud. Apps y big data Tecnolog\u00eda de Globtipper-Siemens\u00bb animation_style=\u00bbslide\u00bb animation_duration=\u00bb500ms\u00bb animation_intensity_slide=\u00bb10%\u00bb animation_direction=\u00bbleft\u00bb _builder_version=\u00bb3.18.7&#8243; \/][\/et_pb_column][\/et_pb_row][et_pb_row make_fullwidth=\u00bbon\u00bb use_custom_width=\u00bboff\u00bb width_unit=\u00bbon\u00bb use_custom_gutter=\u00bboff\u00bb padding_mobile=\u00bboff\u00bb allow_player_pause=\u00bboff\u00bb parallax=\u00bboff\u00bb parallax_method=\u00bboff\u00bb make_equal=\u00bboff\u00bb parallax_1=\u00bboff\u00bb parallax_method_1=\u00bboff\u00bb column_padding_mobile=\u00bbon\u00bb background_position=\u00bbtop_left\u00bb background_repeat=\u00bbrepeat\u00bb background_size=\u00bbinitial\u00bb][et_pb_column type=\u00bb4_4&#8243;][et_pb_text background_layout=\u00bblight\u00bb text_orientation=\u00bbleft\u00bb use_border_color=\u00bboff\u00bb border_color=\u00bb#ffffff\u00bb border_style=\u00bbsolid\u00bb module_class=\u00bbmidtecno\u00bb background_position=\u00bbtop_left\u00bb background_repeat=\u00bbrepeat\u00bb background_size=\u00bbinitial\u00bb]<\/p>\n<h2>METODOLOG\u00cdA<\/h2>\n<p>Desde la idea hasta la instrumentalizaci\u00f3n<\/p>\n<p>[\/et_pb_text][et_pb_image src=\u00bbhttps:\/\/globtipper-siemens.com\/wp-content\/uploads\/2016\/02\/metodologia-tecnologia.jpg\u00bb use_border_color=\u00bboff\u00bb alt=\u00bbMetodolog\u00eda del proceso tecnol\u00f3gico de Globtipper-Siemens\u00bb title_text=\u00bbMetodolog\u00eda del proceso tecnol\u00f3gico de Globtipper-Siemens\u00bb animation_style=\u00bbslide\u00bb animation_duration=\u00bb500ms\u00bb animation_intensity_slide=\u00bb10%\u00bb animation_direction=\u00bbleft\u00bb _builder_version=\u00bb3.18.7&#8243; \/][\/et_pb_column][\/et_pb_row][et_pb_row make_fullwidth=\u00bbon\u00bb use_custom_width=\u00bboff\u00bb width_unit=\u00bbon\u00bb use_custom_gutter=\u00bboff\u00bb padding_mobile=\u00bboff\u00bb allow_player_pause=\u00bboff\u00bb parallax=\u00bboff\u00bb parallax_method=\u00bboff\u00bb make_equal=\u00bboff\u00bb parallax_1=\u00bboff\u00bb parallax_method_1=\u00bboff\u00bb column_padding_mobile=\u00bbon\u00bb background_position=\u00bbtop_left\u00bb background_repeat=\u00bbrepeat\u00bb background_size=\u00bbinitial\u00bb][et_pb_column type=\u00bb4_4&#8243;][et_pb_text background_layout=\u00bblight\u00bb text_orientation=\u00bbleft\u00bb use_border_color=\u00bboff\u00bb border_color=\u00bb#ffffff\u00bb border_style=\u00bbsolid\u00bb module_class=\u00bbmidtecno\u00bb background_position=\u00bbtop_left\u00bb background_repeat=\u00bbrepeat\u00bb background_size=\u00bbinitial\u00bb]<\/p>\n<h2>Fases de un proyecto tecnol\u00f3gico<\/h2>\n<p>[\/et_pb_text][et_pb_image src=\u00bbhttps:\/\/globtipper-siemens.com\/wp-content\/uploads\/2016\/02\/proyecto-tecnologico-IoT-m2m.jpg\u00bb use_border_color=\u00bboff\u00bb alt=\u00bbProyecto tecnol\u00f3gico de Globtipper-Siemens, l\u00edderes en IoT m2m\u00bb title_text=\u00bbProyecto tecnol\u00f3gico de Globtipper-Siemens, l\u00edderes en IoT m2m\u00bb animation_style=\u00bbslide\u00bb animation_duration=\u00bb500ms\u00bb animation_intensity_slide=\u00bb10%\u00bb animation_direction=\u00bbleft\u00bb _builder_version=\u00bb3.18.7&#8243; \/][\/et_pb_column][\/et_pb_row][\/et_pb_section][et_pb_section bb_built=\u00bb1&#8243; fullwidth=\u00bboff\u00bb specialty=\u00bboff\u00bb prev_background_color=\u00bb#000000&#8243;][et_pb_row make_fullwidth=\u00bbon\u00bb use_custom_width=\u00bboff\u00bb width_unit=\u00bbon\u00bb use_custom_gutter=\u00bboff\u00bb padding_mobile=\u00bboff\u00bb allow_player_pause=\u00bboff\u00bb parallax=\u00bboff\u00bb parallax_method=\u00bboff\u00bb make_equal=\u00bboff\u00bb parallax_1=\u00bboff\u00bb parallax_method_1=\u00bboff\u00bb column_padding_mobile=\u00bbon\u00bb module_id=\u00bbfilatextoacceso\u00bb background_position=\u00bbtop_left\u00bb background_repeat=\u00bbrepeat\u00bb background_size=\u00bbinitial\u00bb][et_pb_column type=\u00bb4_4&#8243;][et_pb_text use_border_color=\u00bboff\u00bb custom_padding=\u00bb||20px|\u00bb background_position=\u00bbtop_left\u00bb background_repeat=\u00bbrepeat\u00bb background_size=\u00bbinitial\u00bb _builder_version=\u00bb3.18.7&#8243;]<\/p>\n<p><img loading=\"lazy\" class=\"size-full wp-image-1130\" src=\"https:\/\/globtipper-siemens.com\/wp-content\/uploads\/Logo-Menu.png\" alt=\"Globtipp-Siemens - Especialistas en Iot y M2M\" width=\"309\" height=\"100\"><\/p>\n<p>[\/et_pb_text][\/et_pb_column][\/et_pb_row][\/et_pb_section]<\/p>\n","protected":false},"excerpt":{"rendered":"<p>[et_pb_section bb_built=\u00bb1&#8243; admin_label=\u00bbsection\u00bb next_background_color=\u00bb#ffffff\u00bb][et_pb_row admin_label=\u00bbrow\u00bb make_fullwidth=\u00bboff\u00bb use_custom_width=\u00bboff\u00bb width_unit=\u00bbon\u00bb use_custom_gutter=\u00bboff\u00bb padding_mobile=\u00bboff\u00bb allow_player_pause=\u00bboff\u00bb parallax=\u00bboff\u00bb parallax_method=\u00bboff\u00bb make_equal=\u00bboff\u00bb parallax_1=\u00bboff\u00bb parallax_method_1=\u00bboff\u00bb column_padding_mobile=\u00bbon\u00bb module_class=\u00bbdegradadomema\u00bb background_position=\u00bbtop_left\u00bb background_repeat=\u00bbrepeat\u00bb background_size=\u00bbinitial\u00bb][et_pb_column type=\u00bb4_4&#8243;][et_pb_image src=\u00bbhttps:\/\/globtipper-siemens.com\/wp-content\/uploads\/tecnologia-iot-m2m.png\u00bb use_border_color=\u00bboff\u00bb alt=\u00bbImagen tecnolog\u00eda IoT y m2m de Globtipper-Siemens\u00bb title_text=\u00bbtecnolog\u00eda IoT y m2m de Globtipper-Siemens. GPRS,SIGFOX,dispositivos\u00bb animation_style=\u00bbslide\u00bb animation_duration=\u00bb500ms\u00bb animation_intensity_slide=\u00bb10%\u00bb animation_direction=\u00bbleft\u00bb _builder_version=\u00bb3.18.7&#8243; \/][\/et_pb_column][\/et_pb_row][\/et_pb_section][et_pb_section bb_built=\u00bb1&#8243; specialty=\u00bboff\u00bb background_image=\u00bbhttps:\/\/globtipper-siemens.com\/wp-content\/uploads\/2016\/02\/tecnologia-IoT-m2m-fondo.jpg\u00bb parallax_method=\u00bboff\u00bb background_color=\u00bb#ffffff\u00bb custom_padding_tablet=\u00bb50px|0|50px|0&#8243; custom_padding_last_edited=\u00bbon|desktop\u00bb _builder_version=\u00bb3.18.7&#8243; prev_background_color=\u00bb#FFFFFF\u00bb next_background_color=\u00bb#FFFFFF\u00bb][et_pb_row make_fullwidth=\u00bbon\u00bb [&hellip;]<\/p>\n","protected":false},"author":9,"featured_media":0,"parent":0,"menu_order":0,"comment_status":"closed","ping_status":"closed","template":"","meta":{"_et_pb_use_builder":"on","_et_pb_old_content":""},"_links":{"self":[{"href":"https:\/\/globtipper-siemens.com\/es\/wp-json\/wp\/v2\/pages\/64"}],"collection":[{"href":"https:\/\/globtipper-siemens.com\/es\/wp-json\/wp\/v2\/pages"}],"about":[{"href":"https:\/\/globtipper-siemens.com\/es\/wp-json\/wp\/v2\/types\/page"}],"author":[{"embeddable":true,"href":"https:\/\/globtipper-siemens.com\/es\/wp-json\/wp\/v2\/users\/9"}],"replies":[{"embeddable":true,"href":"https:\/\/globtipper-siemens.com\/es\/wp-json\/wp\/v2\/comments?post=64"}],"version-history":[{"count":3,"href":"https:\/\/globtipper-siemens.com\/es\/wp-json\/wp\/v2\/pages\/64\/revisions"}],"predecessor-version":[{"id":1414,"href":"https:\/\/globtipper-siemens.com\/es\/wp-json\/wp\/v2\/pages\/64\/revisions\/1414"}],"wp:attachment":[{"href":"https:\/\/globtipper-siemens.com\/es\/wp-json\/wp\/v2\/media?parent=64"}],"curies":[{"name":"wp","href":"https:\/\/api.w.org\/{rel}","templated":true}]}}